{"id":3089,"date":"2022-09-21T11:22:19","date_gmt":"2022-09-21T15:22:19","guid":{"rendered":"https:\/\/reseaumtlnetwork.com\/notre-communaute\/"},"modified":"2025-10-30T14:36:57","modified_gmt":"2025-10-30T18:36:57","slug":"tiohtiake","status":"publish","type":"page","link":"https:\/\/reseaumtlnetwork.com\/en\/our-community\/tiohtiake\/","title":{"rendered":"Tiohti\u00e0:ke"},"content":{"rendered":"","protected":false},"excerpt":{"rendered":"","protected":false},"author":1,"featured_media":0,"parent":5564,"menu_order":1,"comment_status":"closed","ping_status":"closed","template":"templates\/community.php","meta":{"_acf_changed":false,"footnotes":""},"class_list":["post-3089","page","type-page","status-publish","hentry"],"acf":[],"yoast_head":"<!-- This site is optimized with the Yoast SEO plugin v27.3 - https:\/\/yoast.com\/product\/yoast-seo-wordpress\/ -->\n<title>Tiohti\u00e0:ke - Montreal Indigenous Community NETWORK<\/title>\n<meta name=\"robots\" content=\"index, follow, max-snippet:-1, max-image-preview:large, max-video-preview:-1\" \/>\n<link rel=\"canonical\" href=\"https:\/\/reseaumtlnetwork.com\/en\/our-community\/tiohtiake\/\" \/>\n<meta property=\"og:locale\" content=\"en_US\" \/>\n<meta property=\"og:type\" content=\"article\" \/>\n<meta property=\"og:title\" content=\"Do you know the Indigenous community in Tiohti\u00e0:ke?\" \/>\n<meta property=\"og:description\" content=\"From its traditional Kanien&#039;k\u00e9ha name, which means &quot;where the boats and rivers meet,&quot; the unceded territory of Tiohti\u00e0:ke is inhabited today by a mosaic of First Nations, Inuit and M\u00e9tis peoples.\" \/>\n<meta property=\"og:url\" content=\"https:\/\/reseaumtlnetwork.com\/en\/our-community\/tiohtiake\/\" \/>\n<meta property=\"og:site_name\" content=\"Montreal Indigenous Community NETWORK\" \/>\n<meta property=\"article:modified_time\" content=\"2025-10-30T18:36:57+00:00\" \/>\n<meta property=\"og:image\" content=\"https:\/\/reseaumtlnetwork.com\/wp-content\/uploads\/2022\/12\/37.jpg\" \/>\n\t<meta property=\"og:image:width\" content=\"1920\" \/>\n\t<meta property=\"og:image:height\" content=\"1080\" \/>\n\t<meta property=\"og:image:type\" content=\"image\/jpeg\" \/>\n<meta name=\"twitter:card\" content=\"summary_large_image\" \/>\n<meta name=\"twitter:title\" content=\"Do you know the Indigenous community in Tiohti\u00e0:ke?\" \/>\n<meta name=\"twitter:description\" content=\"From its traditional Kanien&#039;k\u00e9ha name, which means &quot;where the boats and rivers meet,&quot; the unceded territory of Tiohti\u00e0:ke is inhabited today by a mosaic of First Nations, Inuit and M\u00e9tis peoples.\" \/>\n<meta name=\"twitter:image\" content=\"https:\/\/reseaumtlnetwork.com\/wp-content\/uploads\/2022\/12\/37.jpg\" \/>\n<meta name=\"twitter:label1\" content=\"Est. reading time\" \/>\n\t<meta name=\"twitter:data1\" content=\"4 minutes\" \/>\n<script type=\"application\/ld+json\" class=\"yoast-schema-graph\">{\"@context\":\"https:\\\/\\\/schema.org\",\"@graph\":[{\"@type\":\"WebPage\",\"@id\":\"https:\\\/\\\/reseaumtlnetwork.com\\\/en\\\/our-community\\\/tiohtiake\\\/\",\"url\":\"https:\\\/\\\/reseaumtlnetwork.com\\\/en\\\/our-community\\\/tiohtiake\\\/\",\"name\":\"Tiohti\u00e0:ke - Montreal Indigenous Community NETWORK\",\"isPartOf\":{\"@id\":\"https:\\\/\\\/reseaumtlnetwork.com\\\/en\\\/#website\"},\"datePublished\":\"2022-09-21T15:22:19+00:00\",\"dateModified\":\"2025-10-30T18:36:57+00:00\",\"breadcrumb\":{\"@id\":\"https:\\\/\\\/reseaumtlnetwork.com\\\/en\\\/our-community\\\/tiohtiake\\\/#breadcrumb\"},\"inLanguage\":\"en-US\",\"potentialAction\":[{\"@type\":\"ReadAction\",\"target\":[\"https:\\\/\\\/reseaumtlnetwork.com\\\/en\\\/our-community\\\/tiohtiake\\\/\"]}]},{\"@type\":\"BreadcrumbList\",\"@id\":\"https:\\\/\\\/reseaumtlnetwork.com\\\/en\\\/our-community\\\/tiohtiake\\\/#breadcrumb\",\"itemListElement\":[{\"@type\":\"ListItem\",\"position\":1,\"name\":\"Home\",\"item\":\"https:\\\/\\\/reseaumtlnetwork.com\\\/en\\\/\"},{\"@type\":\"ListItem\",\"position\":2,\"name\":\"Our Community\",\"item\":\"https:\\\/\\\/reseaumtlnetwork.com\\\/en\\\/our-community\\\/\"},{\"@type\":\"ListItem\",\"position\":3,\"name\":\"Tiohti\u00e0:ke\"}]},{\"@type\":\"WebSite\",\"@id\":\"https:\\\/\\\/reseaumtlnetwork.com\\\/en\\\/#website\",\"url\":\"https:\\\/\\\/reseaumtlnetwork.com\\\/en\\\/\",\"name\":\"Montreal Indigenous Community NETWORK\",\"description\":\"\",\"potentialAction\":[{\"@type\":\"SearchAction\",\"target\":{\"@type\":\"EntryPoint\",\"urlTemplate\":\"https:\\\/\\\/reseaumtlnetwork.com\\\/en\\\/?s={search_term_string}\"},\"query-input\":{\"@type\":\"PropertyValueSpecification\",\"valueRequired\":true,\"valueName\":\"search_term_string\"}}],\"inLanguage\":\"en-US\"}]}<\/script>\n<!-- \/ Yoast SEO plugin. -->","yoast_head_json":{"title":"Tiohti\u00e0:ke - Montreal Indigenous Community NETWORK","robots":{"index":"index","follow":"follow","max-snippet":"max-snippet:-1","max-image-preview":"max-image-preview:large","max-video-preview":"max-video-preview:-1"},"canonical":"https:\/\/reseaumtlnetwork.com\/en\/our-community\/tiohtiake\/","og_locale":"en_US","og_type":"article","og_title":"Do you know the Indigenous community in Tiohti\u00e0:ke?","og_description":"From its traditional Kanien'k\u00e9ha name, which means \"where the boats and rivers meet,\" the unceded territory of Tiohti\u00e0:ke is inhabited today by a mosaic of First Nations, Inuit and M\u00e9tis peoples.","og_url":"https:\/\/reseaumtlnetwork.com\/en\/our-community\/tiohtiake\/","og_site_name":"Montreal Indigenous Community NETWORK","article_modified_time":"2025-10-30T18:36:57+00:00","og_image":[{"width":1920,"height":1080,"url":"https:\/\/reseaumtlnetwork.com\/wp-content\/uploads\/2022\/12\/37.jpg","type":"image\/jpeg"}],"twitter_card":"summary_large_image","twitter_title":"Do you know the Indigenous community in Tiohti\u00e0:ke?","twitter_description":"From its traditional Kanien'k\u00e9ha name, which means \"where the boats and rivers meet,\" the unceded territory of Tiohti\u00e0:ke is inhabited today by a mosaic of First Nations, Inuit and M\u00e9tis peoples.","twitter_image":"https:\/\/reseaumtlnetwork.com\/wp-content\/uploads\/2022\/12\/37.jpg","twitter_misc":{"Est. reading time":"4 minutes"},"schema":{"@context":"https:\/\/schema.org","@graph":[{"@type":"WebPage","@id":"https:\/\/reseaumtlnetwork.com\/en\/our-community\/tiohtiake\/","url":"https:\/\/reseaumtlnetwork.com\/en\/our-community\/tiohtiake\/","name":"Tiohti\u00e0:ke - Montreal Indigenous Community NETWORK","isPartOf":{"@id":"https:\/\/reseaumtlnetwork.com\/en\/#website"},"datePublished":"2022-09-21T15:22:19+00:00","dateModified":"2025-10-30T18:36:57+00:00","breadcrumb":{"@id":"https:\/\/reseaumtlnetwork.com\/en\/our-community\/tiohtiake\/#breadcrumb"},"inLanguage":"en-US","potentialAction":[{"@type":"ReadAction","target":["https:\/\/reseaumtlnetwork.com\/en\/our-community\/tiohtiake\/"]}]},{"@type":"BreadcrumbList","@id":"https:\/\/reseaumtlnetwork.com\/en\/our-community\/tiohtiake\/#breadcrumb","itemListElement":[{"@type":"ListItem","position":1,"name":"Home","item":"https:\/\/reseaumtlnetwork.com\/en\/"},{"@type":"ListItem","position":2,"name":"Our Community","item":"https:\/\/reseaumtlnetwork.com\/en\/our-community\/"},{"@type":"ListItem","position":3,"name":"Tiohti\u00e0:ke"}]},{"@type":"WebSite","@id":"https:\/\/reseaumtlnetwork.com\/en\/#website","url":"https:\/\/reseaumtlnetwork.com\/en\/","name":"Montreal Indigenous Community NETWORK","description":"","potentialAction":[{"@type":"SearchAction","target":{"@type":"EntryPoint","urlTemplate":"https:\/\/reseaumtlnetwork.com\/en\/?s={search_term_string}"},"query-input":{"@type":"PropertyValueSpecification","valueRequired":true,"valueName":"search_term_string"}}],"inLanguage":"en-US"}]}},"_links":{"self":[{"href":"https:\/\/reseaumtlnetwork.com\/en\/wp-json\/wp\/v2\/pages\/3089","targetHints":{"allow":["GET"]}}],"collection":[{"href":"https:\/\/reseaumtlnetwork.com\/en\/wp-json\/wp\/v2\/pages"}],"about":[{"href":"https:\/\/reseaumtlnetwork.com\/en\/wp-json\/wp\/v2\/types\/page"}],"author":[{"embeddable":true,"href":"https:\/\/reseaumtlnetwork.com\/en\/wp-json\/wp\/v2\/users\/1"}],"replies":[{"embeddable":true,"href":"https:\/\/reseaumtlnetwork.com\/en\/wp-json\/wp\/v2\/comments?post=3089"}],"version-history":[{"count":5,"href":"https:\/\/reseaumtlnetwork.com\/en\/wp-json\/wp\/v2\/pages\/3089\/revisions"}],"predecessor-version":[{"id":11259,"href":"https:\/\/reseaumtlnetwork.com\/en\/wp-json\/wp\/v2\/pages\/3089\/revisions\/11259"}],"up":[{"embeddable":true,"href":"https:\/\/reseaumtlnetwork.com\/en\/wp-json\/wp\/v2\/pages\/5564"}],"wp:attachment":[{"href":"https:\/\/reseaumtlnetwork.com\/en\/wp-json\/wp\/v2\/media?parent=3089"}],"curies":[{"name":"wp","href":"https:\/\/api.w.org\/{rel}","templated":true}]}}